{"id":964,"date":"2022-04-27T14:50:16","date_gmt":"2022-04-27T14:50:16","guid":{"rendered":"https:\/\/caretently.com\/?page_id=964"},"modified":"2022-06-23T14:57:50","modified_gmt":"2022-06-23T14:57:50","slug":"legal-notice","status":"publish","type":"page","link":"https:\/\/caretently.com\/fr\/legal-notice\/","title":{"rendered":"Mentions l\u00e9gales"},"content":{"rendered":"<div data-elementor-type=\"wp-page\" data-elementor-id=\"964\" class=\"elementor elementor-964\" data-elementor-post-type=\"page\">\n\t\t\t\t\t\t<section class=\"elementor-section elementor-top-section elementor-element elementor-element-9vvcxp1 elementor-section-content-top elementor-section-boxed elementor-section-height-default elementor-section-height-default\" data-id=\"9vvcxp1\" data-element_type=\"section\" data-settings=\"{&quot;background_background&quot;:&quot;classic&quot;}\">\n\t\t\t\t\t\t\t<div class=\"elementor-background-overlay\"><\/div>\n\t\t\t\t\t\t\t<div class=\"elementor-container elementor-column-gap-no\">\n\t\t\t\t\t<div class=\"elementor-column elementor-col-100 elementor-top-column elementor-element elementor-element-5312e3d\" data-id=\"5312e3d\" data-element_type=\"column\">\n\t\t\t<div class=\"elementor-widget-wrap elementor-element-populated\">\n\t\t\t\t\t\t<div class=\"elementor-element elementor-element-f8e2218 elementor-widget elementor-widget-heading\" data-id=\"f8e2218\" data-element_type=\"widget\" data-widget_type=\"heading.default\">\n\t\t\t\t<div class=\"elementor-widget-container\">\n\t\t\t<style>\/*! elementor - v3.22.0 - 17-06-2024 *\/\n.elementor-heading-title{padding:0;margin:0;line-height:1}.elementor-widget-heading .elementor-heading-title[class*=elementor-size-]>a{color:inherit;font-size:inherit;line-height:inherit}.elementor-widget-heading .elementor-heading-title.elementor-size-small{font-size:15px}.elementor-widget-heading .elementor-heading-title.elementor-size-medium{font-size:19px}.elementor-widget-heading .elementor-heading-title.elementor-size-large{font-size:29px}.elementor-widget-heading .elementor-heading-title.elementor-size-xl{font-size:39px}.elementor-widget-heading .elementor-heading-title.elementor-size-xxl{font-size:59px}<\/style><h2 class=\"elementor-heading-title elementor-size-default\">Mentions l\u00e9gales et politique de confidentialit\u00e9<\/h2>\t\t<\/div>\n\t\t\t\t<\/div>\n\t\t\t\t<div class=\"elementor-element elementor-element-86c8967 elementor-widget elementor-widget-text-editor\" data-id=\"86c8967\" data-element_type=\"widget\" data-widget_type=\"text-editor.default\">\n\t\t\t\t<div class=\"elementor-widget-container\">\n\t\t\t<style>\/*! elementor - v3.22.0 - 17-06-2024 *\/\n.elementor-widget-text-editor.elementor-drop-cap-view-stacked .elementor-drop-cap{background-color:#69727d;color:#fff}.elementor-widget-text-editor.elementor-drop-cap-view-framed .elementor-drop-cap{color:#69727d;border:3px solid;background-color:transparent}.elementor-widget-text-editor:not(.elementor-drop-cap-view-default) .elementor-drop-cap{margin-top:8px}.elementor-widget-text-editor:not(.elementor-drop-cap-view-default) .elementor-drop-cap-letter{width:1em;height:1em}.elementor-widget-text-editor .elementor-drop-cap{float:left;text-align:center;line-height:1;font-size:50px}.elementor-widget-text-editor .elementor-drop-cap-letter{display:inline-block}<\/style>\t\t\t\t<p>Conform\u00e9ment aux dispositions de l'article 6 III-1 de la loi n\u00b02004-575 du 21 juin 2004 pour la confiance dans l'\u00e9conomie num\u00e9rique, nous vous informons que le pr\u00e9sent site www.caretently.com (ci-apr\u00e8s \u00ab le Site \u00bb) est la propri\u00e9t\u00e9 exclusive de CARETENTLY HEALTH COMMUNICATIONS :<\/p><p><span style=\"color: var(--ast-global-color-3); font-style: inherit; font-weight: inherit;\">Natasha Barr<\/span><\/p><p><span style=\"font-style: inherit; font-weight: inherit; color: var(--ast-global-color-3);\">Entrepreneur individuel<\/span><\/p><p>SIRET: 797 626 405 00022<\/p><p>natasha@caretently.com<\/p><p>Directeur de la Publication : Natasha Barr<\/p><p>Le Site est h\u00e9berg\u00e9 par : LWS, 10 Rue de Penthi\u00e8vre, 75008 Paris<\/p><p>Toute personne physique ou morale acc\u00e9dant au Site est ci-apr\u00e8s d\u00e9nomm\u00e9e \u201cl\u2019Internaute\u201d.<\/p><p>Toute personne physique ou morale effectuant un achat sur le Site est ci-apr\u00e8s d\u00e9nomm\u00e9e \u201cle Client\u201d.<\/p><p><strong>Mentions relatives \u00e0 l'utilisation de cookies<\/strong><\/p><p>Cette section \u201cMention relatives \u00e0 l\u2019utilisation de cookies\u201d a pour objet d\u2019informer l\u2019Internaute sur le traitement r\u00e9alis\u00e9 sur les donn\u00e9es de navigation collect\u00e9es lors de la visite sur www.caretently.com et ce depuis n\u2019importe quel appareil, notamment : ordinateur, tablette, Smartphone.<\/p><p><strong>Qu\u2019est-ce qu\u2019un cookie ?<\/strong><\/p><p>Un cookie est un petit fichier de texte transf\u00e9r\u00e9 \u00e0 partir d\u2019un serveur web vers le navigateur web d\u2019un utilisateur du site ou son disque dur lorsqu\u2019il visite un site Internet. Si son navigateur web est configur\u00e9 pour accepter les cookies, ils seront stock\u00e9s dans celui-ci ou dans le disque dur jusqu\u2019\u00e0 ce que la date d\u2019expiration soit d\u00e9pass\u00e9e ou jusqu\u2019\u00e0 ce que l\u2019utilisateur supprime lui-m\u00eame les cookies.<\/p><p><strong>Quels cookies sont collect\u00e9s ?<\/strong><\/p><p>Les cookies permettent d\u2019am\u00e9liorer l\u2019exp\u00e9rience de navigation, d\u2019effectuer des statistiques, de conserver les informations relatives \u00e0 la constitution du panier et sa validation, ainsi qu\u2019\u00e0 faciliter la connexion au compte lorsque l\u2019Internaute clique sur \u201cSe souvenir de moi\u201d.<\/p><p>Les cookies - \u00e0 l\u2019exception de ceux strictement n\u00e9cessaires \u00e0 la navigation sur le site - ne sont collect\u00e9s qu\u2019apr\u00e8s consentement de l\u2019Internaute par la poursuite de sa navigation sur le Site.<\/p><p>Les cookies strictement n\u00e9cessaires \u00e0 la navigation sur le site ont trait \u00e0 des services et fonctions basiques, comme l\u2019ajout de produits au panier.<\/p><p>Le Site collecte d\u2019autres types de cookies:<\/p><p>- Les cookies de performance, permettant de collecter des donn\u00e9es anonymes sur la navigation de l\u2019Utilisateur. Ils ont pour but d\u2019am\u00e9liorer le fonctionnement du Site.<\/p><p>Il existe des cookies internes (cr\u00e9\u00e9s par le Site) et des cookies tiers (cr\u00e9\u00e9s par un autre site).<\/p><p><strong>Utilisation et param\u00e9trage des cookies<\/strong><\/p><p>Aucune information relative aux coordonn\u00e9es bancaires n\u2019est conserv\u00e9e par les cookies. Aucun information ne peut \u00eatre utilis\u00e9e pour promouvoir des offres et produits ne concernant pas la marque CARETENTLY HEALTH COMMUNICATIONS.<\/p><p>En outre, les informations conserv\u00e9es par les cookies ne sont en aucun cas divulgu\u00e9es \u00e0 des tiers. Elles sont exclusivement destin\u00e9es \u00e0 CARETENTLY HEALTH COMMUNICATIONS, \u00e0 l\u2019exception des cookies publicitaires et cookies sociaux, qui sont des cookies tiers destin\u00e9s aux partenaires.<\/p><p>Les donn\u00e9es obtenues par le biais des cookies sont conserv\u00e9es pour une dur\u00e9e de 13 mois.<\/p><p>L\u2019Utilisateur peut g\u00e9rer les cookies depuis son terminal. Il peut ainsi choisir de les supprimer. Cette suppression peut avoir un effet sur la navigation, le processus d\u2019achat ou encore la connexion au compte. CARETENTLY HEALTH COMMUNICATIONS ne peut dans ce cas \u00eatre tenu(e) responsable du mauvais fonctionnement du Site ou de la d\u00e9gradation de ses fonctionnalit\u00e9s.<\/p><p><strong>Mentions relatives \u00e0 l'utilisation de donn\u00e9es personnelles<\/strong><\/p><p>Cette section \u201cMention relatives \u00e0 l\u2019utilisation de donn\u00e9es personnelles\u201d a pour objet d\u2019informer l\u2019Internaute sur la collecte et le traitement de ses donn\u00e9es personnelles.<\/p><p><strong>Qu\u2019est-ce qu\u2019une donn\u00e9e personnelle ?<\/strong><\/p><p>Une donn\u00e9e personnelle d\u00e9signe toute information se rapportant \u00e0 une personne physique identifi\u00e9e ou identifiable : nom, pr\u00e9nom, adresse e-mail, num\u00e9ro de t\u00e9l\u00e9phone etc.<\/p><p><strong>Identit\u00e9 du responsable du traitement<\/strong><\/p><p>Personal data are collected by (CARETENTLY HEALTH COMMUNICATIONS, SIRET: 797 626 405 00022, <a href=\"mailto:natasha@caretently.com\">natasha@caretently.com<\/a>).<\/p><p><strong>Donn\u00e9es personnelles collect\u00e9es<\/strong><\/p><p>CARETENTLY HEALTH COMMUNICATIONS may collect: surname, first name, e-mail address, browsing data, preferences and interests.<\/p><p>L\u2019Internaute s\u2019engage \u00e0 fournir des informations v\u00e9rifiables, sinc\u00e8res et non vici\u00e9es.<\/p><p>Les donn\u00e9es collect\u00e9es sont conserv\u00e9es par CARETENTLY HEALTH COMMUNICATIONS pour une dur\u00e9e de 13 mois \u00e0 compter du dernier acte volontaire et positif de sa part : clic sur un lien dans une newsletter ou dernier achat. Toutefois, les donn\u00e9es personnelles peuvent \u00eatre conserv\u00e9es pour une dur\u00e9e plus longue au titre d\u2019une obligation l\u00e9gale ou \u00e0 des fins statistiques, mais toujours dans le respect de la r\u00e9glementation nationale et europ\u00e9enne en vigueur.<\/p><p>La r\u00e9glementation europ\u00e9enne en mati\u00e8re de protection des donn\u00e9es permet \u00e0 CARETENTLY HEALTH COMMUNICATIONS d\u2019utiliser les donn\u00e9es personnes du Client ou de l\u2019Internaute si CARETENTLY HEALTH COMMUNICATIONS dispose d\u2019une base juridique fiable.<\/p><p>Ainsi, pour traiter les donn\u00e9es personnes des Clients ou Internaute, CARETENTLY HEALTH COMMUNICATIONS se base selon les cas :<\/p><p>- sur le consentement des personnes concern\u00e9es,<\/p><p>- lorsque cela est n\u00e9cessaire \u00e0 l\u2019ex\u00e9cution d\u2019un contrat, comme le traitement d\u2019une commande web,<\/p><p>- lorsque cela est n\u00e9cessaire au respect d\u2019une obligation l\u00e9gale telle que la conservation des factures.<\/p><p><strong>Finalit\u00e9 du traitement<\/strong><\/p><p>Les donn\u00e9es collect\u00e9es par CARETENTLY HEALTH COMMUNICATIONS permettent, selon les cas:<\/p><p>- La gestion de la relation commerciale entre le Client et CARETENTLY HEALTH COMMUNICATIONS<\/p><p>- L\u2019envoi d\u2019offres commerciales<\/p><p><strong>S\u00e9curit\u00e9 des donn\u00e9es<\/strong><\/p><p>CARETENTLY HEALTH COMMUNICATIONS prend toutes les mesures techniques et organisationnelles pour assurer la protection, la confidentialit\u00e9 et la s\u00e9curit\u00e9 des donn\u00e9es qui lui ont \u00e9t\u00e9 transmises par tout Internaute ou Client, et ce dans le respect des dispositions l\u00e9gales applicables.<\/p><p><strong>Droits de l\u2019Internaute<\/strong><\/p><p>Conform\u00e9ment aux l\u00e9gislations nationales et europ\u00e9ennes en vigueur (notamment les articles 14 \u00e0 22 du RGPD 2016\/679 du 27 avril 2016, l\u2019Internaute dispose d\u2019un droit d\u2019acc\u00e8s, de modification, de rectification, \u00e0 la limitation, d\u2019opposition, de portabilit\u00e9 et d\u2019effacement des donn\u00e9es personnelles le concernant, aupr\u00e8s de CARETENTLY HEALTH COMMUNICATIONS.<\/p><p>Pour exercer ses droits, l\u2019Internaute peut :<\/p><p>Contacter Caretently Health Communications au moyen du formulaire de contact disponible sur la page \u201cContact\u201d.<\/p><p><strong>Droits de propri\u00e9t\u00e9 intellectuelle<\/strong><\/p><p>Les contenus, photos et textes, qui apparaissent ou sont disponibles sur le site, sont prot\u00e9g\u00e9s par des droits de propri\u00e9t\u00e9 intellectuelle et sont la propri\u00e9t\u00e9 exclusive de CARETENTLY HEALTH COMMUNICATIONS. A ce titre, vous vous engagez \u00e0 ne pas copier, traduire, reproduire, vendre, publier, exploiter et distribuer le contenu du site prot\u00e9g\u00e9 par le droit de la propri\u00e9t\u00e9 intellectuelle, sans l'autorisation pr\u00e9alable et \u00e9crite de CARETENTLY HEALTH COMMUNICATIONS.<\/p><p>Les logos pr\u00e9sents sur le site sont, sauf cas particuliers, la propri\u00e9t\u00e9 de CARETENTLY HEALTH COMMUNICATIONS. Sauf autorisation pr\u00e9alable et \u00e9crite, l'internaute s'interdit de les utiliser.<\/p>\t\t\t\t\t\t<\/div>\n\t\t\t\t<\/div>\n\t\t\t\t\t<\/div>\n\t\t<\/div>\n\t\t\t\t\t<\/div>\n\t\t<\/section>\n\t\t\t\t<\/div>","protected":false},"excerpt":{"rendered":"<p>Legal notice and privacy policy In accordance with the provisions of Article 6 III-1 of Law No. 2004-575 of 21 June 2004 on trust in the digital economy, we inform you that this site www.caretently.com (hereinafter &#8220;the Site&#8221;) is the exclusive property of CARETENTLY HEALTH COMMUNICATIONS: Natasha Barr Individual business SIRET: 797 626 405 00022 &hellip;<\/p>\n<p class=\"read-more\"> <a class=\"\" href=\"https:\/\/caretently.com\/fr\/legal-notice\/\"> <span class=\"screen-reader-text\">Mentions l\u00e9gales<\/span> Lire la suite\u00a0\u00bb<\/a><\/p>","protected":false},"author":2,"featured_media":0,"parent":0,"menu_order":0,"comment_status":"closed","ping_status":"closed","template":"","meta":{"site-sidebar-layout":"no-sidebar","site-content-layout":"page-builder","ast-main-header-display":"","ast-hfb-above-header-display":"","ast-hfb-below-header-display":"","ast-hfb-mobile-header-display":"","site-post-title":"disabled","ast-breadcrumbs-content":"","ast-featured-img":"disabled","footer-sml-layout":"","theme-transparent-header-meta":"","adv-header-id-meta":"","stick-header-meta":"","header-above-stick-meta":"","header-main-stick-meta":"","header-below-stick-meta":"","footnotes":""},"class_list":["post-964","page","type-page","status-publish","hentry"],"_links":{"self":[{"href":"https:\/\/caretently.com\/fr\/wp-json\/wp\/v2\/pages\/964","targetHints":{"allow":["GET"]}}],"collection":[{"href":"https:\/\/caretently.com\/fr\/wp-json\/wp\/v2\/pages"}],"about":[{"href":"https:\/\/caretently.com\/fr\/wp-json\/wp\/v2\/types\/page"}],"author":[{"embeddable":true,"href":"https:\/\/caretently.com\/fr\/wp-json\/wp\/v2\/users\/2"}],"replies":[{"embeddable":true,"href":"https:\/\/caretently.com\/fr\/wp-json\/wp\/v2\/comments?post=964"}],"version-history":[{"count":0,"href":"https:\/\/caretently.com\/fr\/wp-json\/wp\/v2\/pages\/964\/revisions"}],"wp:attachment":[{"href":"https:\/\/caretently.com\/fr\/wp-json\/wp\/v2\/media?parent=964"}],"curies":[{"name":"wp","href":"https:\/\/api.w.org\/{rel}","templated":true}]}}